{"id":217,"date":"2021-12-23T08:36:37","date_gmt":"2021-12-23T08:36:37","guid":{"rendered":"https:\/\/www.energialataamo.fi\/?page_id=217"},"modified":"2023-10-11T10:49:44","modified_gmt":"2023-10-11T10:49:44","slug":"sanna","status":"publish","type":"page","link":"https:\/\/www.energialataamo.fi\/index.php\/sanna\/","title":{"rendered":"Sanna"},"content":{"rendered":"\t\t<div data-elementor-type=\"wp-page\" data-elementor-id=\"217\" class=\"elementor elementor-217\" data-elementor-settings=\"[]\">\n\t\t\t\t\t\t\t<div class=\"elementor-section-wrap\">\n\t\t\t\t\t\t\t<section class=\"elementor-section elementor-top-section elementor-element elementor-element-6565adae elementor-section-boxed elementor-section-height-default elementor-section-height-default\" data-id=\"6565adae\" data-element_type=\"section\" data-settings=\"{&quot;background_background&quot;:&quot;classic&quot;}\">\n\t\t\t\t\t\t<div class=\"elementor-container elementor-column-gap-default\">\n\t\t\t\t\t<div class=\"elementor-column elementor-col-100 elementor-top-column elementor-element elementor-element-693afc7f\" data-id=\"693afc7f\" data-element_type=\"column\">\n\t\t\t<div class=\"elementor-widget-wrap elementor-element-populated\">\n\t\t\t\t\t\t\t\t<section class=\"elementor-section elementor-inner-section elementor-element elementor-element-163de531 elementor-section-full_width elementor-section-height-default elementor-section-height-default\" data-id=\"163de531\" data-element_type=\"section\">\n\t\t\t\t\t\t<div class=\"elementor-container elementor-column-gap-default\">\n\t\t\t\t\t<div class=\"elementor-column elementor-col-100 elementor-inner-column elementor-element elementor-element-7af051bf\" data-id=\"7af051bf\" data-element_type=\"column\">\n\t\t\t<div class=\"elementor-widget-wrap elementor-element-populated\">\n\t\t\t\t\t\t\t\t<div class=\"elementor-element elementor-element-3cbee238 elementor-invisible elementor-widget elementor-widget-heading\" data-id=\"3cbee238\" data-element_type=\"widget\" data-settings=\"{&quot;_animation&quot;:&quot;fadeIn&quot;,&quot;_animation_delay&quot;:100}\" data-widget_type=\"heading.default\">\n\t\t\t\t<div class=\"elementor-widget-container\">\n\t\t\t<h2 class=\"elementor-heading-title elementor-size-default\">Sanna<\/h2>\t\t<\/div>\n\t\t\t\t<\/div>\n\t\t\t\t<div class=\"elementor-element elementor-element-3977ea55 elementor-widget-divider--view-line elementor-widget elementor-widget-divider\" data-id=\"3977ea55\" data-element_type=\"widget\" data-widget_type=\"divider.default\">\n\t\t\t\t<div class=\"elementor-widget-container\">\n\t\t\t\t\t<div class=\"elementor-divider\">\n\t\t\t<span class=\"elementor-divider-separator\">\n\t\t\t\t\t\t<\/span>\n\t\t<\/div>\n\t\t\t\t<\/div>\n\t\t\t\t<\/div>\n\t\t\t\t\t<\/div>\n\t\t<\/div>\n\t\t\t\t\t\t\t<\/div>\n\t\t<\/section>\n\t\t\t\t\t<\/div>\n\t\t<\/div>\n\t\t\t\t\t\t\t<\/div>\n\t\t<\/section>\n\t\t\t\t<section class=\"elementor-section elementor-top-section elementor-element elementor-element-177fa174 elementor-section-boxed elementor-section-height-default elementor-section-height-default\" data-id=\"177fa174\" data-element_type=\"section\" data-settings=\"{&quot;background_background&quot;:&quot;classic&quot;}\">\n\t\t\t\t\t\t\t<div class=\"elementor-background-overlay\"><\/div>\n\t\t\t\t\t\t\t<div class=\"elementor-container elementor-column-gap-default\">\n\t\t\t\t\t<div class=\"elementor-column elementor-col-100 elementor-top-column elementor-element elementor-element-73a8ee71\" data-id=\"73a8ee71\" data-element_type=\"column\">\n\t\t\t<div class=\"elementor-widget-wrap elementor-element-populated\">\n\t\t\t\t\t\t\t\t<div class=\"elementor-element elementor-element-589f3cd elementor-widget elementor-widget-text-editor\" data-id=\"589f3cd\" data-element_type=\"widget\" data-widget_type=\"text-editor.default\">\n\t\t\t\t<div class=\"elementor-widget-container\">\n\t\t\t\t\t\t\t<p>Moikka! Olen pitk\u00e4n kokemuksen omaava liikunta-alan ammattilainen ja moniosaaja. Ihmisen kokonaisvaltainen auttaminen hyvinvoinnin parissa kiinnostaa minua suuresti ja siksi olen laajentanut osaamistani my\u00f6s terveydenhuollon puolelle. Pyrin tarjoamaan kokonaisvaltaisen palveluketjun asiakkailleni. Ty\u00f6ss\u00e4ni toimin urheilijoiden ja harrastajien tukena, mutta lis\u00e4ksi tunnen paloa v\u00e4h\u00e4n liikkuvien kannustamiseen. T\u00e4rkeint\u00e4 ei ole taso, jolla ihminen tekee vaan oma tekeminen! Pid\u00e4n niin lasten, aikuisten kuin ik\u00e4\u00e4ntyvien kanssa ty\u00f6skentelyst\u00e4 ja koen eri ik\u00e4ryhmien antavan omaan ty\u00f6h\u00f6ni valtavasti. Ty\u00f6ni lis\u00e4ksi olen liikunnan ja urheilun suurkuluttaja my\u00f6s vapaa-aikanani. M\u00e4\u00e4r\u00e4llisesti eniten aikaa kuluu CrossFitin ja painonnoston parissa, mutta pyrin viikoittain liikkumaan mahdollisimman monipuolisesti eri lajien parissa sek\u00e4 luomaan mahdollisuuksia oman kehon ja mielen palautumiselle.<\/p>\t\t\t\t\t\t<\/div>\n\t\t\t\t<\/div>\n\t\t\t\t\t<\/div>\n\t\t<\/div>\n\t\t\t\t\t\t\t<\/div>\n\t\t<\/section>\n\t\t\t\t<section class=\"elementor-section elementor-top-section elementor-element elementor-element-7d87e4c elementor-section-boxed elementor-section-height-default elementor-section-height-default\" data-id=\"7d87e4c\" data-element_type=\"section\" data-settings=\"{&quot;background_background&quot;:&quot;classic&quot;}\">\n\t\t\t\t\t\t\t<div class=\"elementor-background-overlay\"><\/div>\n\t\t\t\t\t\t\t<div class=\"elementor-container elementor-column-gap-default\">\n\t\t\t\t\t<div class=\"elementor-column elementor-col-50 elementor-top-column elementor-element elementor-element-0ed2c73\" data-id=\"0ed2c73\" data-element_type=\"column\">\n\t\t\t<div class=\"elementor-widget-wrap elementor-element-populated\">\n\t\t\t\t\t\t\t\t<div class=\"elementor-element elementor-element-eb6def3 elementor-widget elementor-widget-text-editor\" data-id=\"eb6def3\" data-element_type=\"widget\" data-widget_type=\"text-editor.default\">\n\t\t\t\t<div class=\"elementor-widget-container\">\n\t\t\t\t\t\t\t<h5>Koulutus:<\/h5><p>2023 -&gt; Fysioterapeutti, LAB ammattikorkeakoulu<\/p><p>2020 \u2013 2021 Koulutettu hieroja, urheiluhieroja, Tampereen Urheiluhierojakoulu<\/p><p>2014 &#8211; 2022 Liikunnanohjaaja, Kajaanin ammattikorkeakoulu<\/p><p>2013 Liikunnan ammattitutkinto, Kisakallion uo<\/p><p>2009 \u2013 2010 Liikunta-alan yritt\u00e4j\u00e4n at, Sedu<\/p><p>2005 \u2013 2009 Tradenomi, Pirkanmaan ammattikorkeakoulu<\/p><p>2003 \u2013 2004 Upseerin perusopinnot, Maasotakoulu<\/p><h5>Kurssit:<\/h5><p>2010 Kuntosaliohjaaja, FISAF<\/p><p>2010 FISAF Personal Trainer<\/p><p>2012 Les Mills RPM Certification<\/p><p>2013 Les Mills BodyCombat Certification<\/p>\t\t\t\t\t\t<\/div>\n\t\t\t\t<\/div>\n\t\t\t\t\t<\/div>\n\t\t<\/div>\n\t\t\t\t<div class=\"elementor-column elementor-col-50 elementor-top-column elementor-element elementor-element-f8b2f5d\" data-id=\"f8b2f5d\" data-element_type=\"column\">\n\t\t\t<div class=\"elementor-widget-wrap elementor-element-populated\">\n\t\t\t\t\t\t\t\t<div class=\"elementor-element elementor-element-dda31d0 elementor-widget elementor-widget-text-editor\" data-id=\"dda31d0\" data-element_type=\"widget\" data-widget_type=\"text-editor.default\">\n\t\t\t\t<div class=\"elementor-widget-container\">\n\t\t\t\t\t\t\t<p>\u00a0<\/p><p>\u00a0<\/p><p>2011 Les Mills BodyBalance<\/p><p>2012 Sauvak\u00e4velyohjaaja, Suomen Latu<\/p><p>2012 Liikuntaleikkikoulun ohjaaja, HLU<\/p><p>2015 Leijonakiekkokoulun ohjaajakurssi, SJL\u00a0<\/p><p>2015 Uimaopettaja, SUH<\/p><p>2016 Alppihiihdon ohjaaja, SHO ry\u00a0<\/p><p>2016 Painonnoston ohjaaja, SPNL\u00a0<\/p><p>2016 Vanhusvalmentaja, Ik\u00e4instituutti<\/p><p>2016 Vesitreenin ohjaaja, SUH ry<\/p><p>2017 Vauva- ja perheuinninohjaaja, SUH ry\u00a0<\/p><p>2018 CrossFit Level 1 Trainer\u00a0<\/p><p>2019 Lumilautaohjaaja, SHO ry\u00a0<\/p><p>2019 &#8211; 2020 Joogaopettaja, Villa Mandala YTT 250 h<\/p>\t\t\t\t\t\t<\/div>\n\t\t\t\t<\/div>\n\t\t\t\t\t<\/div>\n\t\t<\/div>\n\t\t\t\t\t\t\t<\/div>\n\t\t<\/section>\n\t\t\t\t\t\t<\/div>\n\t\t\t\t\t<\/div>\n\t\t","protected":false},"excerpt":{"rendered":"<p>Sanna Moikka! Olen pitk\u00e4n kokemuksen omaava liikunta-alan ammattilainen ja moniosaaja. Ihmisen kokonaisvaltainen auttaminen hyvinvoinnin parissa kiinnostaa minua suuresti ja siksi olen laajentanut osaamistani my\u00f6s terveydenhuollon puolelle. Pyrin tarjoamaan kokonaisvaltaisen palveluketjun asiakkailleni. Ty\u00f6ss\u00e4ni toimin urheilijoiden ja harrastajien tukena, mutta lis\u00e4ksi tunnen paloa v\u00e4h\u00e4n liikkuvien kannustamiseen. T\u00e4rkeint\u00e4 ei ole taso, jolla ihminen tekee vaan oma tekeminen! Pid\u00e4n [&hellip;]<\/p>\n","protected":false},"author":1,"featured_media":0,"parent":0,"menu_order":0,"comment_status":"closed","ping_status":"closed","template":"elementor_header_footer","meta":[],"yoast_head":"<!-- This site is optimized with the Yoast SEO plugin v17.5 - https:\/\/yoast.com\/wordpress\/plugins\/seo\/ -->\n<title>Sanna - Energia Lataamo<\/title>\n<meta name=\"robots\" content=\"index, follow, max-snippet:-1, max-image-preview:large, max-video-preview:-1\" \/>\n<link rel=\"canonical\" href=\"https:\/\/www.energialataamo.fi\/index.php\/sanna\/\" \/>\n<meta property=\"og:locale\" content=\"fi_FI\" \/>\n<meta property=\"og:type\" content=\"article\" \/>\n<meta property=\"og:title\" content=\"Sanna - Energia Lataamo\" \/>\n<meta property=\"og:description\" content=\"Sanna Moikka! Olen pitk\u00e4n kokemuksen omaava liikunta-alan ammattilainen ja moniosaaja. Ihmisen kokonaisvaltainen auttaminen hyvinvoinnin parissa kiinnostaa minua suuresti ja siksi olen laajentanut osaamistani my\u00f6s terveydenhuollon puolelle. Pyrin tarjoamaan kokonaisvaltaisen palveluketjun asiakkailleni. Ty\u00f6ss\u00e4ni toimin urheilijoiden ja harrastajien tukena, mutta lis\u00e4ksi tunnen paloa v\u00e4h\u00e4n liikkuvien kannustamiseen. T\u00e4rkeint\u00e4 ei ole taso, jolla ihminen tekee vaan oma tekeminen! Pid\u00e4n [&hellip;]\" \/>\n<meta property=\"og:url\" content=\"https:\/\/www.energialataamo.fi\/index.php\/sanna\/\" \/>\n<meta property=\"og:site_name\" content=\"Energia Lataamo\" \/>\n<meta property=\"article:modified_time\" content=\"2023-10-11T10:49:44+00:00\" \/>\n<meta name=\"twitter:card\" content=\"summary_large_image\" \/>\n<meta name=\"twitter:label1\" content=\"Arvioitu lukuaika\" \/>\n\t<meta name=\"twitter:data1\" content=\"1 minuutti\" \/>\n<script type=\"application\/ld+json\" class=\"yoast-schema-graph\">{\"@context\":\"https:\/\/schema.org\",\"@graph\":[{\"@type\":\"Organization\",\"@id\":\"https:\/\/www.energialataamo.fi\/#organization\",\"name\":\"Energia Lataamo\",\"url\":\"https:\/\/www.energialataamo.fi\/\",\"sameAs\":[],\"logo\":{\"@type\":\"ImageObject\",\"@id\":\"https:\/\/www.energialataamo.fi\/#logo\",\"inLanguage\":\"fi\",\"url\":\"https:\/\/www.energialataamo.fi\/wp-content\/uploads\/2021\/11\/cropped-Lataamo-2.png\",\"contentUrl\":\"https:\/\/www.energialataamo.fi\/wp-content\/uploads\/2021\/11\/cropped-Lataamo-2.png\",\"width\":500,\"height\":170,\"caption\":\"Energia Lataamo\"},\"image\":{\"@id\":\"https:\/\/www.energialataamo.fi\/#logo\"}},{\"@type\":\"WebSite\",\"@id\":\"https:\/\/www.energialataamo.fi\/#website\",\"url\":\"https:\/\/www.energialataamo.fi\/\",\"name\":\"Energia Lataamo\",\"description\":\"\",\"publisher\":{\"@id\":\"https:\/\/www.energialataamo.fi\/#organization\"},\"potentialAction\":[{\"@type\":\"SearchAction\",\"target\":{\"@type\":\"EntryPoint\",\"urlTemplate\":\"https:\/\/www.energialataamo.fi\/?s={search_term_string}\"},\"query-input\":\"required name=search_term_string\"}],\"inLanguage\":\"fi\"},{\"@type\":\"WebPage\",\"@id\":\"https:\/\/www.energialataamo.fi\/index.php\/sanna\/#webpage\",\"url\":\"https:\/\/www.energialataamo.fi\/index.php\/sanna\/\",\"name\":\"Sanna - Energia Lataamo\",\"isPartOf\":{\"@id\":\"https:\/\/www.energialataamo.fi\/#website\"},\"datePublished\":\"2021-12-23T08:36:37+00:00\",\"dateModified\":\"2023-10-11T10:49:44+00:00\",\"breadcrumb\":{\"@id\":\"https:\/\/www.energialataamo.fi\/index.php\/sanna\/#breadcrumb\"},\"inLanguage\":\"fi\",\"potentialAction\":[{\"@type\":\"ReadAction\",\"target\":[\"https:\/\/www.energialataamo.fi\/index.php\/sanna\/\"]}]},{\"@type\":\"BreadcrumbList\",\"@id\":\"https:\/\/www.energialataamo.fi\/index.php\/sanna\/#breadcrumb\",\"itemListElement\":[{\"@type\":\"ListItem\",\"position\":1,\"name\":\"Etusivu\",\"item\":\"https:\/\/www.energialataamo.fi\/\"},{\"@type\":\"ListItem\",\"position\":2,\"name\":\"Sanna\"}]}]}<\/script>\n<!-- \/ Yoast SEO plugin. -->","yoast_head_json":{"title":"Sanna - Energia Lataamo","robots":{"index":"index","follow":"follow","max-snippet":"max-snippet:-1","max-image-preview":"max-image-preview:large","max-video-preview":"max-video-preview:-1"},"canonical":"https:\/\/www.energialataamo.fi\/index.php\/sanna\/","og_locale":"fi_FI","og_type":"article","og_title":"Sanna - Energia Lataamo","og_description":"Sanna Moikka! Olen pitk\u00e4n kokemuksen omaava liikunta-alan ammattilainen ja moniosaaja. Ihmisen kokonaisvaltainen auttaminen hyvinvoinnin parissa kiinnostaa minua suuresti ja siksi olen laajentanut osaamistani my\u00f6s terveydenhuollon puolelle. Pyrin tarjoamaan kokonaisvaltaisen palveluketjun asiakkailleni. Ty\u00f6ss\u00e4ni toimin urheilijoiden ja harrastajien tukena, mutta lis\u00e4ksi tunnen paloa v\u00e4h\u00e4n liikkuvien kannustamiseen. T\u00e4rkeint\u00e4 ei ole taso, jolla ihminen tekee vaan oma tekeminen! Pid\u00e4n [&hellip;]","og_url":"https:\/\/www.energialataamo.fi\/index.php\/sanna\/","og_site_name":"Energia Lataamo","article_modified_time":"2023-10-11T10:49:44+00:00","twitter_card":"summary_large_image","twitter_misc":{"Arvioitu lukuaika":"1 minuutti"},"schema":{"@context":"https:\/\/schema.org","@graph":[{"@type":"Organization","@id":"https:\/\/www.energialataamo.fi\/#organization","name":"Energia Lataamo","url":"https:\/\/www.energialataamo.fi\/","sameAs":[],"logo":{"@type":"ImageObject","@id":"https:\/\/www.energialataamo.fi\/#logo","inLanguage":"fi","url":"https:\/\/www.energialataamo.fi\/wp-content\/uploads\/2021\/11\/cropped-Lataamo-2.png","contentUrl":"https:\/\/www.energialataamo.fi\/wp-content\/uploads\/2021\/11\/cropped-Lataamo-2.png","width":500,"height":170,"caption":"Energia Lataamo"},"image":{"@id":"https:\/\/www.energialataamo.fi\/#logo"}},{"@type":"WebSite","@id":"https:\/\/www.energialataamo.fi\/#website","url":"https:\/\/www.energialataamo.fi\/","name":"Energia Lataamo","description":"","publisher":{"@id":"https:\/\/www.energialataamo.fi\/#organization"},"potentialAction":[{"@type":"SearchAction","target":{"@type":"EntryPoint","urlTemplate":"https:\/\/www.energialataamo.fi\/?s={search_term_string}"},"query-input":"required name=search_term_string"}],"inLanguage":"fi"},{"@type":"WebPage","@id":"https:\/\/www.energialataamo.fi\/index.php\/sanna\/#webpage","url":"https:\/\/www.energialataamo.fi\/index.php\/sanna\/","name":"Sanna - Energia Lataamo","isPartOf":{"@id":"https:\/\/www.energialataamo.fi\/#website"},"datePublished":"2021-12-23T08:36:37+00:00","dateModified":"2023-10-11T10:49:44+00:00","breadcrumb":{"@id":"https:\/\/www.energialataamo.fi\/index.php\/sanna\/#breadcrumb"},"inLanguage":"fi","potentialAction":[{"@type":"ReadAction","target":["https:\/\/www.energialataamo.fi\/index.php\/sanna\/"]}]},{"@type":"BreadcrumbList","@id":"https:\/\/www.energialataamo.fi\/index.php\/sanna\/#breadcrumb","itemListElement":[{"@type":"ListItem","position":1,"name":"Etusivu","item":"https:\/\/www.energialataamo.fi\/"},{"@type":"ListItem","position":2,"name":"Sanna"}]}]}},"_links":{"self":[{"href":"https:\/\/www.energialataamo.fi\/index.php\/wp-json\/wp\/v2\/pages\/217"}],"collection":[{"href":"https:\/\/www.energialataamo.fi\/index.php\/wp-json\/wp\/v2\/pages"}],"about":[{"href":"https:\/\/www.energialataamo.fi\/index.php\/wp-json\/wp\/v2\/types\/page"}],"author":[{"embeddable":true,"href":"https:\/\/www.energialataamo.fi\/index.php\/wp-json\/wp\/v2\/users\/1"}],"replies":[{"embeddable":true,"href":"https:\/\/www.energialataamo.fi\/index.php\/wp-json\/wp\/v2\/comments?post=217"}],"version-history":[{"count":14,"href":"https:\/\/www.energialataamo.fi\/index.php\/wp-json\/wp\/v2\/pages\/217\/revisions"}],"predecessor-version":[{"id":401,"href":"https:\/\/www.energialataamo.fi\/index.php\/wp-json\/wp\/v2\/pages\/217\/revisions\/401"}],"wp:attachment":[{"href":"https:\/\/www.energialataamo.fi\/index.php\/wp-json\/wp\/v2\/media?parent=217"}],"curies":[{"name":"wp","href":"https:\/\/api.w.org\/{rel}","templated":true}]}}